{"id":339,"date":"2022-11-09T16:38:12","date_gmt":"2022-11-09T16:38:12","guid":{"rendered":"http:\/\/veradent.cz\/?page_id=339"},"modified":"2026-04-01T05:55:07","modified_gmt":"2026-04-01T05:55:07","slug":"dentalni-hygiena","status":"publish","type":"page","link":"http:\/\/veradent.cz\/index.php\/dentalni-hygiena\/","title":{"rendered":"DENT\u00c1LN\u00cd HYGIENA"},"content":{"rendered":"<p>\n\n<p>Od 1.2.2026 je mo\u017en\u00e9 se u n\u00e1s objednat na DH u pan\u00ed Ivany Tvrd\u00edkov\u00e9.<\/p>\n<p>Volejte na telefonn\u00ed \u010d\u00edslo 777 121 044 nebo pi\u0161t\u011b mail na ordinaceveradent@gmail.com<\/p>\n<p>Na zme\u0161kan\u00e9 hovory vol\u00e1me zp\u011bt.<\/p>\n<p>Sest\u0159i\u010dka V\u00e1s p\u0159id\u00e1 na seznam z\u00e1jemc\u016f o DH a n\u00e1sledn\u011b se V\u00e1m ozve zp\u011bt s nab\u00eddkou term\u00ednu DH.<\/p>\n<p>&nbsp;<\/p>\n<p>D\u011bkujeme za pochopen\u00ed.<\/p>\n\n<\/p>\n<p>\n\n\n<p><\/p>\n\n\n<\/p>","protected":false},"excerpt":{"rendered":"<p>Od 1.2.2026 je mo\u017en\u00e9 se u n\u00e1s objednat na DH u pan\u00ed Ivany Tvrd\u00edkov\u00e9. Volejte na telefonn\u00ed \u010d\u00edslo 777 121 044 nebo pi\u0161t\u011b mail na ordinaceveradent@gmail.com Na zme\u0161kan\u00e9 hovory vol\u00e1me zp\u011bt. Sest\u0159i\u010dka V\u00e1s p\u0159id\u00e1 na seznam z\u00e1jemc\u016f o DH a n\u00e1sledn\u011b se V\u00e1m ozve zp\u011bt s nab\u00eddkou term\u00ednu DH. &nbsp; D\u011bkujeme za pochopen\u00ed.<\/p>\n","protected":false},"author":1,"featured_media":0,"parent":0,"menu_order":0,"comment_status":"closed","ping_status":"closed","template":"","meta":{"footnotes":""},"class_list":["post-339","page","type-page","status-publish","hentry"],"_links":{"self":[{"href":"http:\/\/veradent.cz\/index.php\/wp-json\/wp\/v2\/pages\/339","targetHints":{"allow":["GET"]}}],"collection":[{"href":"http:\/\/veradent.cz\/index.php\/wp-json\/wp\/v2\/pages"}],"about":[{"href":"http:\/\/veradent.cz\/index.php\/wp-json\/wp\/v2\/types\/page"}],"author":[{"embeddable":true,"href":"http:\/\/veradent.cz\/index.php\/wp-json\/wp\/v2\/users\/1"}],"replies":[{"embeddable":true,"href":"http:\/\/veradent.cz\/index.php\/wp-json\/wp\/v2\/comments?post=339"}],"version-history":[{"count":29,"href":"http:\/\/veradent.cz\/index.php\/wp-json\/wp\/v2\/pages\/339\/revisions"}],"predecessor-version":[{"id":975,"href":"http:\/\/veradent.cz\/index.php\/wp-json\/wp\/v2\/pages\/339\/revisions\/975"}],"wp:attachment":[{"href":"http:\/\/veradent.cz\/index.php\/wp-json\/wp\/v2\/media?parent=339"}],"curies":[{"name":"wp","href":"https:\/\/api.w.org\/{rel}","templated":true}]}}