{"id":354,"date":"2022-11-09T16:53:11","date_gmt":"2022-11-09T16:53:11","guid":{"rendered":"http:\/\/veradent.cz\/?page_id=354"},"modified":"2026-04-20T20:06:39","modified_gmt":"2026-04-20T20:06:39","slug":"aktuality","status":"publish","type":"page","link":"https:\/\/veradent.cz\/","title":{"rendered":"AKTUALITY"},"content":{"rendered":"<p class=\"Standard\" style=\"text-align: left;\" align=\"center\"><b><span style=\"font-size: 14.0pt; color: #c00000;\">MDDr. Veronika Langrov\u00e1 nastupuje 15.4.2026 na mate\u0159skou dovolenou<\/span><\/b><\/p>\n<p class=\"Standard\" style=\"text-align: left;\"><span style=\"font-size: 14.0pt;\">\u00a0<\/span><\/p>\n<p class=\"Standard\" style=\"text-align: left;\" align=\"center\"><span style=\"font-size: 14.0pt;\">V p\u0159\u00edpad\u011b akutn\u00ed bolesti vyu\u017eijte zastupuj\u00edc\u00ed l\u00e9ka\u0159e \u2013 nejl\u00e9pe na z\u00e1klad\u011b telefonick\u00e9 domluvy:<\/span><\/p>\n<p class=\"Standard\" style=\"text-align: left;\" align=\"center\"><span style=\"font-size: 14.0pt;\">15. &#8211; 30.4.2026<\/span><\/p>\n<p class=\"Standard\" style=\"text-align: left;\"><span style=\"font-size: 14.0pt;\">\u00a0<\/span><\/p>\n<p class=\"Standard\" style=\"text-align: left;\" align=\"center\"><span style=\"font-size: 14.0pt;\">MDDr. Jitka Posp\u00ed\u0161ilov\u00e1<\/span><\/p>\n<p class=\"Standard\" style=\"text-align: left;\" align=\"center\"><span style=\"font-size: 14.0pt;\">tel: 776 100 171<\/span><\/p>\n<p class=\"Standard\" style=\"text-align: left;\" align=\"center\"><span style=\"font-size: 14.0pt;\">Ko\u017eelsk\u00e1 222, Lede\u010d nad S\u00e1zavou<\/span><\/p>\n<p class=\"Standard\" style=\"text-align: left;\" align=\"center\"><span style=\"font-size: 14.0pt;\">\u00a0<\/span><\/p>\n<p class=\"Standard\" style=\"text-align: left;\" align=\"center\"><span style=\"font-size: 14.0pt;\">MDDr. Vojt\u011bch Ma\u0161t\u00e1lka<\/span><\/p>\n<p class=\"Standard\" style=\"text-align: left;\" align=\"center\"><span style=\"font-size: 14.0pt;\">tel: 721 132 134<\/span><\/p>\n<p class=\"Standard\" style=\"text-align: left;\" align=\"center\"><span style=\"font-size: 14.0pt;\">Poliklinka Lede\u010d nad S\u00e1zavou<\/span><\/p>\n<p class=\"Standard\" style=\"text-align: left;\" align=\"center\"><span style=\"font-size: 14.0pt;\">\u00a0<\/span><\/p>\n<p class=\"Standard\" style=\"text-align: left;\" align=\"center\"><b><span style=\"font-size: 14.0pt; color: #990000;\">O\u0160ET\u0158EN\u00cd D\u011aT\u00cd DO 15-TI LET<\/span><\/b><\/p>\n<p class=\"Standard\" style=\"text-align: left;\" align=\"center\"><span style=\"font-size: 14.0pt;\">prevence d\u011bt\u00ed, bolesti a pot\u00ed\u017ee<\/span><\/p>\n<p class=\"Standard\" style=\"text-align: left;\" align=\"center\"><span style=\"font-size: 14.0pt;\">MUDr. Jana Ko\u010dov\u00e1<\/span><\/p>\n<p class=\"Standard\" style=\"text-align: left;\" align=\"center\"><span style=\"font-size: 14.0pt;\">tel: 724 170 466<\/span><\/p>\n<p class=\"Standard\" style=\"text-align: left;\" align=\"center\"><span style=\"font-size: 14.0pt;\">\u00a0<\/span><\/p>\n<p class=\"Standard\" style=\"text-align: left;\" align=\"center\"><b><span style=\"font-size: 14.0pt; color: #990000;\">ZHOTOVEN\u00cd RENTGENOV\u00ddCH SN\u00cdMK\u016e<\/span><\/b><\/p>\n<p class=\"Standard\" style=\"text-align: left;\" align=\"center\"><span style=\"font-size: 14.0pt;\">nejl\u00e9pe po telefonick\u00e9 domluv\u011b na tel: 777 121 044<\/span><\/p>\n<p class=\"Standard\" style=\"text-align: left;\" align=\"center\"><span style=\"font-size: 14.0pt;\">(na zme\u0161kan\u00fd hovor zavol\u00e1me zp\u011bt)<\/span><\/p>\n<p align=\"center\">\n<p class=\"Standard\" style=\"text-align: left;\" align=\"center\"><span style=\"font-size: 14pt; color: #800000;\"><strong>ZHOTOVEN\u00cd DEFINITIVN\u00cdCH PRAC\u00cd<\/strong> <\/span><\/p>\n<p class=\"Standard\" style=\"text-align: left;\" align=\"center\"><span style=\"font-size: 14.0pt;\">= definitivn\u00ed v\u00fdpl\u0148 (plomba), zapln\u011bn\u00ed ko\u0159enov\u00fdch kan\u00e1lk\u016f (endodontick\u00e9 o\u0161et\u0159en\u00ed) <\/span><\/p>\n<p class=\"Standard\" style=\"text-align: left;\" align=\"center\"><span style=\"font-size: 14.0pt;\">po telefonick\u00e9 domluv\u011b v klinice Implanta <\/span><\/p>\n<p class=\"Standard\" style=\"text-align: left;\" align=\"center\"><span style=\"font-size: 14.0pt;\">tel: 702 029 924<\/span><\/p>\n<p align=\"center\">\n<p class=\"Standard\" style=\"text-align: left;\" align=\"center\"><b><span style=\"font-size: 14.0pt; color: #990000;\">PROVOZ DH NEP\u0158ERU\u0160EN<\/span><\/b><\/p>\n<p style=\"text-align: left;\"><span style=\"color: #800000;\">Od 1.2.2026 je mo\u017en\u00e9 se u n\u00e1s objednat na DH.<\/span><\/p>\n<p style=\"text-align: left;\"><span style=\"color: #800000;\">Volejte na telefonn\u00ed \u010d\u00edslo 777 121 044 nebo pi\u0161t\u011b mail na ordinaceveradent@gmail.com<\/span><\/p>\n<p style=\"text-align: left;\"><span style=\"color: #800000;\">Na zme\u0161kan\u00e9 hovory vol\u00e1me zp\u011bt.<\/span><\/p>\n<p style=\"text-align: left;\"><span style=\"color: #800000;\">Sest\u0159i\u010dka V\u00e1s p\u0159id\u00e1 na seznam z\u00e1jemc\u016f o DH a n\u00e1sledn\u011b se V\u00e1m ozve zp\u011bt s nab\u00eddkou term\u00ednu DH.<\/span><\/p>\n","protected":false},"excerpt":{"rendered":"<p>MDDr. Veronika Langrov\u00e1 nastupuje 15.4.2026 na mate\u0159skou dovolenou \u00a0 V p\u0159\u00edpad\u011b akutn\u00ed bolesti vyu\u017eijte zastupuj\u00edc\u00ed l\u00e9ka\u0159e \u2013 nejl\u00e9pe na z\u00e1klad\u011b telefonick\u00e9 domluvy: 15. &#8211; 30.4.2026 \u00a0 MDDr. Jitka Posp\u00ed\u0161ilov\u00e1 tel: 776 100 171 Ko\u017eelsk\u00e1 222, Lede\u010d nad S\u00e1zavou \u00a0 MDDr. Vojt\u011bch Ma\u0161t\u00e1lka tel: 721 132 134 Poliklinka Lede\u010d nad S\u00e1zavou \u00a0 O\u0160ET\u0158EN\u00cd D\u011aT\u00cd DO 15-TI [&hellip;]<\/p>\n","protected":false},"author":1,"featured_media":0,"parent":0,"menu_order":0,"comment_status":"closed","ping_status":"closed","template":"","meta":{"footnotes":""},"class_list":["post-354","page","type-page","status-publish","hentry"],"_links":{"self":[{"href":"https:\/\/veradent.cz\/index.php\/wp-json\/wp\/v2\/pages\/354","targetHints":{"allow":["GET"]}}],"collection":[{"href":"https:\/\/veradent.cz\/index.php\/wp-json\/wp\/v2\/pages"}],"about":[{"href":"https:\/\/veradent.cz\/index.php\/wp-json\/wp\/v2\/types\/page"}],"author":[{"embeddable":true,"href":"https:\/\/veradent.cz\/index.php\/wp-json\/wp\/v2\/users\/1"}],"replies":[{"embeddable":true,"href":"https:\/\/veradent.cz\/index.php\/wp-json\/wp\/v2\/comments?post=354"}],"version-history":[{"count":194,"href":"https:\/\/veradent.cz\/index.php\/wp-json\/wp\/v2\/pages\/354\/revisions"}],"predecessor-version":[{"id":987,"href":"https:\/\/veradent.cz\/index.php\/wp-json\/wp\/v2\/pages\/354\/revisions\/987"}],"wp:attachment":[{"href":"https:\/\/veradent.cz\/index.php\/wp-json\/wp\/v2\/media?parent=354"}],"curies":[{"name":"wp","href":"https:\/\/api.w.org\/{rel}","templated":true}]}}